{"id":29578,"date":"2025-07-25T19:04:53","date_gmt":"2025-07-25T19:04:53","guid":{"rendered":"http:\/\/glk.hentech.cl\/?page_id=29578"},"modified":"2025-11-26T00:58:36","modified_gmt":"2025-11-26T00:58:36","slug":"distribucion","status":"publish","type":"page","link":"https:\/\/nanoplex.com.mx\/?page_id=29578","title":{"rendered":"QUIENES SOMOS"},"content":{"rendered":"\t\t<div data-elementor-type=\"wp-page\" data-elementor-id=\"29578\" class=\"elementor elementor-29578\" data-elementor-post-type=\"page\">\n\t\t\t\t<div class=\"wd-negative-gap elementor-element elementor-element-3e15835 e-flex e-con-boxed e-con e-parent\" data-id=\"3e15835\" data-element_type=\"container\" data-e-type=\"container\">\n\t\t\t\t\t<div class=\"e-con-inner\">\n\t\t\t\t<div class=\"elementor-element elementor-element-efe9031 elementor-widget elementor-widget-html\" data-id=\"efe9031\" data-element_type=\"widget\" data-e-type=\"widget\" data-widget_type=\"html.default\">\n\t\t\t\t\t<!DOCTYPE html>\n<html lang=\"es\">\n<head>\n  <meta charset=\"UTF-8\" \/>\n  <meta name=\"viewport\" content=\"width=device-width, initial-scale=1.0\" \/>\n  <title>\u00bfQui\u00e9nes Somos? | Nanoplex<\/title>\n  <style>\n    body {\n      margin: 0;\n      font-family: \"Helvetica Neue\", sans-serif;\n      background-color: #fff;\n      color: #222;\n      line-height: 1.6;\n    }\n\n    .nanoplex-about-section {\n      max-width: 1100px;\n      margin: 0 auto;\n      padding: 60px 20px;\n    }\n\n    .nanoplex-about-section h2 {\n      text-transform: uppercase;\n      font-size: 24px;\n      font-weight: bold;\n      margin-bottom: 15px;\n      color: #000;\n    }\n\n    .nanoplex-about-section p {\n      font-size: 15px;\n      color: #444;\n      margin-bottom: 20px;\n    }\n\n    .highlight {\n      background-color: #fcb90033;\n      padding: 4px 6px;\n      border-radius: 4px;\n    }\n\n    .about-block {\n      margin-bottom: 50px;\n    }\n\n    @media (min-width: 768px) {\n      .nanoplex-about-section h2 {\n        font-size: 28px;\n      }\n\n      .nanoplex-about-section p {\n        font-size: 16px;\n      }\n    }\n  <\/style>\n<\/head>\n<body>\n\n  <section class=\"nanoplex-about-section\">\n\n    <!-- \u00bfQui\u00e9nes somos? -->\n    <div class=\"about-block\">\n      <h2>\u00bfQui\u00e9nes somos?<\/h2>\n      <p><strong>Nanoplex<\/strong> es una marca creada para transformar el cabello, la imagen y la vida de quienes trabajan con belleza.<\/p>\n\n      <p>\n        No solo vendemos productos: creamos <strong>soluciones profesionales<\/strong> que permiten a estilistas, salones y emprendedores ofrecer resultados superiores, aumentar sus ingresos y enamorar a sus clientas desde la primera aplicaci\u00f3n.\n      <\/p>\n\n      <p>\n        Cada f\u00f3rmula de Nanoplex est\u00e1 desarrollada para entregar un <span class=\"highlight\">lacio real, sano y duradero<\/span>, respetando la fibra capilar y potenciando su brillo natural.\n      <\/p>\n\n      <p>\n        Somos una comunidad que inspira, educa y acompa\u00f1a. Nuestro compromiso es ayudar a miles de personas a desarrollar su talento y convertirlo en una oportunidad de crecimiento.\n      <\/p>\n\n      <p>\n        Porque creemos que el cabello no solo cambia la apariencia: <strong>cambia autoestima, confianza y destino<\/strong>.\n      <\/p>\n    <\/div>\n\n    <!-- Misi\u00f3n -->\n    <div class=\"about-block\">\n      <h2>Misi\u00f3n<\/h2>\n      <p>\n        Nuestra misi\u00f3n en <strong>Nanoplex<\/strong> es elevar el est\u00e1ndar del alaciado profesional en Latinoam\u00e9rica.\n      <\/p>\n      <p>\n        Creamos productos de alto rendimiento que facilitan el trabajo del estilista y garantizan resultados impecables, seguros y de larga duraci\u00f3n para cada clienta.\n      <\/p>\n      <p>\n        Queremos apoyar a quienes sue\u00f1an con emprender, ofreci\u00e9ndoles <span class=\"highlight\">calidad, capacitaci\u00f3n y herramientas reales de crecimiento<\/span>.\n      <\/p>\n    <\/div>\n\n    <!-- Visi\u00f3n -->\n    <div class=\"about-block\">\n      <h2>Visi\u00f3n<\/h2>\n      <p>\n        Aspiramos a convertirnos en la marca de alaciado m\u00e1s confiable y querida por profesionales de la belleza en toda Latinoam\u00e9rica.\n      <\/p>\n\n      <p>\n        Visualizamos una red internacional de estilistas, distribuidoras y emprendedoras que encuentren en Nanoplex un aliado para transformar vidas, elevar su valor profesional y ofrecer resultados premium.\n      <\/p>\n\n      <p>\n        Nuestro sue\u00f1o es llegar a cada sal\u00f3n, cada ciudad y cada emprendedor que necesite una oportunidad, entregando no solo productos, sino tambi\u00e9n <span class=\"highlight\">conocimiento, acompa\u00f1amiento y libertad econ\u00f3mica<\/span>.\n      <\/p>\n    <\/div>\n\n  <\/section>\n\n<\/body>\n<\/html>\n\t\t\t\t<\/div>\n\t\t\t\t\t<\/div>\n\t\t\t\t<\/div>\n\t\t<div class=\"wd-negative-gap elementor-element elementor-element-204a0ba e-flex e-con-boxed e-con e-parent\" data-id=\"204a0ba\" data-element_type=\"container\" data-e-type=\"container\">\n\t\t\t\t\t<div class=\"e-con-inner\">\n\t\t\t\t<div class=\"elementor-element elementor-element-e91a706 elementor-widget elementor-widget-wd_image_or_svg\" data-id=\"e91a706\" data-element_type=\"widget\" data-e-type=\"widget\" data-widget_type=\"wd_image_or_svg.default\">\n\t\t\t\t<div class=\"elementor-widget-container\">\n\t\t\t\t\t\n\t\t<div class=\"wd-image text-center\">\n\t\t\t\t\t\t\t\t<img fetchpriority=\"high\" decoding=\"async\" width=\"512\" height=\"512\" src=\"https:\/\/nanoplex.com.mx\/wp-content\/uploads\/2025\/11\/cropped-LOGO-NANOPLEX-ORGANIC-NEGRO-1.jpg\" class=\"attachment-medium_large size-medium_large\" alt=\"\" srcset=\"https:\/\/nanoplex.com.mx\/wp-content\/uploads\/2025\/11\/cropped-LOGO-NANOPLEX-ORGANIC-NEGRO-1.jpg 512w, https:\/\/nanoplex.com.mx\/wp-content\/uploads\/2025\/11\/cropped-LOGO-NANOPLEX-ORGANIC-NEGRO-1-300x300.jpg 300w, https:\/\/nanoplex.com.mx\/wp-content\/uploads\/2025\/11\/cropped-LOGO-NANOPLEX-ORGANIC-NEGRO-1-150x150.jpg 150w, https:\/\/nanoplex.com.mx\/wp-content\/uploads\/2025\/11\/cropped-LOGO-NANOPLEX-ORGANIC-NEGRO-1-430x430.jpg 430w, https:\/\/nanoplex.com.mx\/wp-content\/uploads\/2025\/11\/cropped-LOGO-NANOPLEX-ORGANIC-NEGRO-1-270x270.jpg 270w, https:\/\/nanoplex.com.mx\/wp-content\/uploads\/2025\/11\/cropped-LOGO-NANOPLEX-ORGANIC-NEGRO-1-192x192.jpg 192w, https:\/\/nanoplex.com.mx\/wp-content\/uploads\/2025\/11\/cropped-LOGO-NANOPLEX-ORGANIC-NEGRO-1-180x180.jpg 180w, https:\/\/nanoplex.com.mx\/wp-content\/uploads\/2025\/11\/cropped-LOGO-NANOPLEX-ORGANIC-NEGRO-1-32x32.jpg 32w\" sizes=\"(max-width: 512px) 100vw, 512px\" \/>\t\t\t\t\t<\/div>\n\n\t\t\t\t\t\t<\/div>\n\t\t\t\t<\/div>\n\t\t\t\t\t<\/div>\n\t\t\t\t<\/div>\n\t\t\t\t<\/div>\n\t\t","protected":false},"excerpt":{"rendered":"<p>\u00bfQui\u00e9nes Somos? | Nanoplex \u00bfQui\u00e9nes somos? Nanoplex es una marca creada para transformar el cabello, la imagen y la vida<\/p>\n","protected":false},"author":1,"featured_media":0,"parent":0,"menu_order":0,"comment_status":"closed","ping_status":"closed","template":"","meta":{"footnotes":""},"class_list":["post-29578","page","type-page","status-publish","hentry"],"_links":{"self":[{"href":"https:\/\/nanoplex.com.mx\/index.php?rest_route=\/wp\/v2\/pages\/29578","targetHints":{"allow":["GET"]}}],"collection":[{"href":"https:\/\/nanoplex.com.mx\/index.php?rest_route=\/wp\/v2\/pages"}],"about":[{"href":"https:\/\/nanoplex.com.mx\/index.php?rest_route=\/wp\/v2\/types\/page"}],"author":[{"embeddable":true,"href":"https:\/\/nanoplex.com.mx\/index.php?rest_route=\/wp\/v2\/users\/1"}],"replies":[{"embeddable":true,"href":"https:\/\/nanoplex.com.mx\/index.php?rest_route=%2Fwp%2Fv2%2Fcomments&post=29578"}],"version-history":[{"count":59,"href":"https:\/\/nanoplex.com.mx\/index.php?rest_route=\/wp\/v2\/pages\/29578\/revisions"}],"predecessor-version":[{"id":31070,"href":"https:\/\/nanoplex.com.mx\/index.php?rest_route=\/wp\/v2\/pages\/29578\/revisions\/31070"}],"wp:attachment":[{"href":"https:\/\/nanoplex.com.mx\/index.php?rest_route=%2Fwp%2Fv2%2Fmedia&parent=29578"}],"curies":[{"name":"wp","href":"https:\/\/api.w.org\/{rel}","templated":true}]}}